{"id":884,"date":"2016-06-09T22:12:47","date_gmt":"2016-06-09T22:12:47","guid":{"rendered":"http:\/\/oosj-rgp.org\/?page_id=884"},"modified":"2016-06-09T22:30:45","modified_gmt":"2016-06-09T22:30:45","slug":"history-iii","status":"publish","type":"page","link":"https:\/\/oosj-rgp.org\/?page_id=884","title":{"rendered":"History Part III"},"content":{"rendered":"<div class=\"art-content-layout\">\n<div class=\"art-content-layout-row\">\n<div class=\"art-layout-cell\" style=\"width: 67%;\">\n<p><span style=\"font-weight: bold; color: #f5250a;\">Part III: 1800 &#8211; 1900<\/span><\/p>\n<\/div>\n<div class=\"art-layout-cell\" style=\"width: 33%;\">\n<p>&nbsp;<\/p>\n<\/div>\n<\/div>\n<\/div>\n<div class=\"art-content-layout\">\n<div class=\"art-content-layout-row\">\n<div class=\"art-layout-cell\" style=\"width: 67%;\">\n<p>The Order entered the 19th century as a revitalized strong entity.<br \/>\nTragedy struck the newly reconstituted entity in 1801. The Emperor for<br \/>\npolitical reasons was assassinated, and his son Alexander I became<br \/>\nemperor. The new Emperor did not wish to become the Order\u2019s Grand Master<br \/>\nbut remained steadfast as its Imperial Protector. The young Emperor<br \/>\nappointed Bailiff Marshal Count Nicholas Soltikoff as the Lieutenant of<br \/>\nthe Order [<a href=\"http:\/\/oosj-rgp.org\/?page_id=893\">proclamation<\/a>]. Emperor Alexander I like his father wished to regain the<br \/>\nisland of Malta for the exiled knights. The Treaty of Amiens signed in<br \/>\n1802 stipulated that the island be returned to the knights. In order to<br \/>\nexpedite the return to the island the parties agreed to the appointment<br \/>\nof a new Grand Master by the Pope from a list of candidates submitted by<br \/>\nthe surviving priories.<\/p>\n<\/div>\n<div class=\"art-layout-cell\" style=\"width: 33%;\">\n<p>&nbsp;<\/p>\n<\/div>\n<\/div>\n<\/div>\n<div class=\"art-content-layout\">\n<div class=\"art-content-layout-row\">\n<div class=\"art-layout-cell\" style=\"width: 67%;\">\n<p>After a complex and convoluted process in which a threatened pontiff,<br \/>\nPius VII, a scheming Bonaparte and an exiled Italian group meeting in<br \/>\nSicily ratified the Pope\u2019s candidate, Bailiff Giovanni Tommasi, as the<br \/>\nGrand Master in 1803. Tommasi established a seat of power in Catania but<br \/>\nlived till only 1805. The less than forty knights in Catania elected the Bailiff Giuseppe Caracciolo dei Marchese di<br \/>\nSant\u2019Eramo,\u00a0as Grand Master. Caracciolo was recognized by the Russian Emperor who granted<br \/>\nhim a pension of 12,000 rubles from the reveries of the Russian Grand<br \/>\nPriories. However, his Grand Mastership was meaningless in the light of<br \/>\nthe continuing battle for control of Europe fought between Napoleon and<br \/>\nother European countries.<\/p>\n<\/div>\n<div class=\"art-layout-cell\" style=\"width: 33%;\">\n<p>&nbsp;<\/p>\n<\/div>\n<\/div>\n<\/div>\n<div class=\"art-content-layout\">\n<div class=\"art-content-layout-row\">\n<div class=\"art-layout-cell\" style=\"width: 67%;\">\n<p>The Order almost ceased to exist in the West and entered a period in<br \/>\nwhich the western priories were decimated. The final exile of Napoleon<br \/>\nand the Congress of Vienna gave some stability to the western Order. The<br \/>\nOrder was restored in various states but under local papal or royal<br \/>\npatronage and control. In Rome, the Grand Priory of Italy was restored<br \/>\nin 1816 but as a source of revenue for a curial cardinal. The Order in<br \/>\nthe West was governed loosely and not well by a series of Lieutenants.<\/p>\n<\/div>\n<div class=\"art-layout-cell\" style=\"width: 33%;\">\n<p>&nbsp;<\/p>\n<\/div>\n<\/div>\n<\/div>\n<div class=\"art-content-layout\">\n<div class=\"art-content-layout-row\">\n<div class=\"art-layout-cell\" style=\"width: 67%;\">\n<p>Other Orders arose from the scattered fragments left by Napoleon. The<br \/>\n19th century was the grand age of Romanticism, and the tales of knights<br \/>\nand knightly Orders were in popular mind. In Protestant Prussia, the<br \/>\nGrand Bailiwick of Brandenburg was converted into a civic Order of Saint<br \/>\nJohn in 1812. By 1852 it was restored as a Grand Bailiwick, and known<br \/>\nas the Johanniter under the House of Hohenzollern. The king\u2019s brother<br \/>\nPrince Charles was its Herrenmeister. In England, the Priory of England<br \/>\nwas revived with the Anglican chaplain of King George IV as Prior.<br \/>\nThe priory eventually obtained the recognition of the British Crown. In<br \/>\n1888, it received a royal charter as the Venerable Order of Saint John.<br \/>\nBy 1890 the Grand Prior was the Prince of Wales [King Edward VII].<\/p>\n<\/div>\n<div class=\"art-layout-cell\" style=\"width: 33%;\">\n<p>&nbsp;<\/p>\n<\/div>\n<\/div>\n<\/div>\n<div class=\"art-content-layout\">\n<div class=\"art-content-layout-row\">\n<div class=\"art-layout-cell\" style=\"width: 67%;\">\n<p>In Russia, the Order took on a more Imperial and Russian character.<br \/>\nThe seat of the Order, the Worontzoff Palace became the training school<br \/>\nfor the Russian military and the Imperial Corps des Pages. Emperor<br \/>\nNicholas I, at his own expense, restored the Orthodox and Catholic<br \/>\nchapels in the palace. There are many proofs of its continuation. In<br \/>\n1841, Prince Tufiakin, a Hereditary Family Commander, was expelled from<br \/>\nthe Order for unacceptable behavior. In 1844, an heraldic history,<br \/>\nOrdres de Chevalerie et Marques d\u2019Honneur, recorded:<\/p>\n<p><span style=\"font-style: italic;\">Le deux grand prieur\u00e9s de Russie conservant encore en apparence leur<br \/>\nconstitution et leur forme anciennes. Sous Ia protection de !\u2019empereur,<br \/>\nsous sa haute direction dans le chapitre, us continuent la chaine du<br \/>\nveritable ordre de Saint-Jean, en ne conservant avec le chapitre de Rome<br \/>\nque des liens tr\u00e8s-rel\u00e2ch\u00e9s \u2026. il est divis\u00e9 en deux grand prieur\u00e9s,<br \/>\nFun pour les chevaliers de la communion grecque, l\u2019autre pour ceux de la<br \/>\ncommunion latine. Le premier poss\u00e8de 98 commanderies de chevaliers, 17<br \/>\nfond\u00e9es sur le revenu de la poste, et 20 de fondations priv\u00e9es\u2026. Ii y a<br \/>\naussi des grand\u2019croix et des petites croix pour les dames.<\/span><\/p>\n<p>The preceding passage was loosely translated and published in the<br \/>\n1858 work by the famed genealogist and royal herald Sir Bernard Burke,<br \/>\nThe Book of Orders of Knighthood;<\/p>\n<p>The two Russian Grand Priories still preserve the appearance of the<br \/>\nold Constitution and form, under the patronage of the Emperor, who is<br \/>\nhead of the Chapter. Its connection with the Chapter of Rome is of a<br \/>\nvery loose character\u2026..the whole is now divided into two Grand<br \/>\nPriories, for the Knights of the Greek and those of the Roman Catholic<br \/>\nconfession. The former now counts ninety-eight Commanders [Burke does<br \/>\nnot repeat many of the other statistics from the above French entry]\u2026<br \/>\n.There are also grand and small crosses for female members.<\/p>\n<\/div>\n<div class=\"art-layout-cell\" style=\"width: 33%;\">\n<p style=\"text-align: center;\"><img loading=\"lazy\" decoding=\"async\" class=\"art-lightbox\" src=\"http:\/\/oosj-rgp.org\/wp-content\/uploads\/2016\/06\/Franz_Kr\u00fcger_-_Portrait_of_Emperor_Nicholas_I_-_WGA12289.jpg\" alt=\"\" width=\"276\" height=\"366\" \/><\/p>\n<\/div>\n<\/div>\n<\/div>\n<div class=\"art-content-layout\">\n<div class=\"art-content-layout-row\">\n<div class=\"art-layout-cell\" style=\"width: 67%;\">\n<p>From these two texts, certain assumptions can be made. The first assumption is that<br \/>\nthe Order existed if not thrived in Russia till the middle of the 19th<br \/>\ncentury. This dating dismisses the popular belief founded on a<br \/>\nmisunderstanding of the original Russian decrees that the Order was<br \/>\nsuppressed in Russia by the Lazareff affair of 1817. More correctly, the<br \/>\nLazareffs had received decorations from Serra Capriola from the Order<br \/>\nof Saint John outside of Russia. By that date the Russian court only<br \/>\nrecognized those decorations granted by the Russian Order as permissible<br \/>\nfor display and wearing at Court.<\/p>\n<\/div>\n<div class=\"art-layout-cell\" style=\"width: 33%;\">\n<p>&nbsp;<\/p>\n<\/div>\n<\/div>\n<\/div>\n<div class=\"art-content-layout\">\n<div class=\"art-content-layout-row\">\n<div class=\"art-layout-cell\" style=\"width: 67%;\">\n<p>Secondly and most importantly for the character of the Order,<br \/>\nalthough the external forms of the Order seemed to be preserved in<br \/>\nRussia the Order had changed from its western origin. Both entries<br \/>\nmention the presence of female members. In the West women were still<br \/>\nstrictly barred from what was still a celibate and masculine Order. If<br \/>\nany women were involved in the western Order, they served in the<br \/>\ncapacity as religious nuns.<\/p>\n<p>A third interesting statement is the recognition that the ties with<br \/>\nthe western Order were very weak. A fourth statement, often overlooked,<br \/>\ndescribes the source of revenue for the Order in Russia, partly from the<br \/>\nrevenue of the postal system and partly from private foundations. We<br \/>\nmay safely assume that those privately funded units must have been the<br \/>\nhereditary family commanderies, for at their creation by Emperor Paul,<br \/>\nsuch was the requirement. From another selection in Burke we are told<br \/>\nthat the Emperor was the head of all Orders in Russia, except for the<br \/>\nfemale one of Saint Catherine, which was nominally under the Empress\u2019s<br \/>\nprotection.<\/p>\n<\/div>\n<div class=\"art-layout-cell\" style=\"width: 33%;\">\n<p>&nbsp;<\/p>\n<\/div>\n<\/div>\n<\/div>\n<div class=\"art-content-layout\">\n<div class=\"art-content-layout-row\">\n<div class=\"art-layout-cell\" style=\"width: 67%;\">\n<p>What the Order did in Russia is not specified. If it was similar to the<br \/>\nother knightly orders of Imperial Russia, such as the Saint Stanislaus,<br \/>\nSaint Alexander Nevesky, Order of Saint George, etc., they served as<br \/>\norganizations for honored and important members of the Court and<br \/>\nmilitary. They served principally as a support for the monarchy and the<br \/>\ncountry. The role of the Russian Order and the training of the future<br \/>\nleaders of the state, as well as, the Imperial Corps des Pages has been<br \/>\nstated by Russian writers but has been dismissed in the western<br \/>\nliterature.<\/p>\n<\/div>\n<div class=\"art-layout-cell\" style=\"width: 33%;\">\n<p>&nbsp;<\/p>\n<\/div>\n<\/div>\n<\/div>\n<div class=\"art-content-layout\">\n<div class=\"art-content-layout-row\">\n<div class=\"art-layout-cell\" style=\"width: 67%;\">\n<p>The Order is recorded in Russian sources. Membership is confirmed in the<br \/>\nImperial Court Almanacs of 1829, 1835, 1847, 1853, 1856, and 1914.<br \/>\nEmperor Alexander II was frequently shown wearing the Grand Cross of the<br \/>\nOrder, and as Head of the Russian Grand Priories. He raised Prince<br \/>\nAlexander Vassilievitch Troubetzkoy to the rank of Hereditary Commander<br \/>\non October 19, 1867. Emperor Alexander III allowed the crown of the<br \/>\nGrand Master which had been created for Emperor Paul to be used at the<br \/>\nfuneral rites of his father, Alexander II, and it was also present at<br \/>\nhis own coronation. Emperor Alexander III had the portrait of Emperor<br \/>\nPaul I as Grand Master given a special place of honor at the Gatchina<br \/>\nPalace. He is also pictured wearing the badge of the Order in the<br \/>\npainting by Repin, <em>An Audience Given by Alexander III to the Volst Elders<\/em>, 1886, Tretyakov Gallery, Moscow, as well as in several other portraits.<\/p>\n<\/div>\n<div class=\"art-layout-cell\" style=\"width: 33%;\">\n<p>&nbsp;<\/p>\n<\/div>\n<\/div>\n<\/div>\n<div class=\"art-content-layout\">\n<div class=\"art-content-layout-row\">\n<div class=\"art-layout-cell\" style=\"width: 67%;\">\n<p>Emperor Nicholas II was equally involved with the Order. Count Serge D.<br \/>\nCheremetieff was confirmed in 1899 as a Hereditary Commander. An 1897<br \/>\nwork on the Maltese Order by Leon de la Briere mentioned the independent<br \/>\nRussian Order of Saint John but added that it was not on good terms<br \/>\nwith the Roman Grand Master. However, Emperor Nicholas II maintained<br \/>\ncordial relations with the then Grand Master of the Roman Order, for he<br \/>\nsent them the copy of the famous painting of Emperor Paul I as Grand<br \/>\nMaster. This imperial gift continues to hold a place of honor in the<br \/>\npresent international headquarters of the Roman Order and appears in its<br \/>\nofficial photographs. He honored family members, including Empress<br \/>\nAlexandra and the Grand Dukes Sergei and Paul, with Bailiff Grand Cross.<br \/>\nA document survives from 1912 that Count Vladimir Armfeld could wear<br \/>\nthe decoration of the Order and it would be passed to his son. Officers<br \/>\ngraduating from the Imperial Corps des Pages whose seat was in the<br \/>\nOrders Palace, were given the right to wear a Cross of the Order on a<br \/>\nround gold plaque which commemorated in 1902 the one hundredth<br \/>\nfoundation of the Corps.<\/p>\n<\/div>\n<div class=\"art-layout-cell\" style=\"width: 33%;\">\n<p style=\"text-align: center;\"><img loading=\"lazy\" decoding=\"async\" class=\"art-lightbox\" src=\"http:\/\/oosj-rgp.org\/wp-content\/uploads\/2016\/06\/nicholas-ii-1.jpg\" alt=\"\" width=\"236\" height=\"311\" \/><\/p>\n<\/div>\n<\/div>\n<\/div>\n<div class=\"art-content-layout\">\n<div class=\"art-content-layout-row\">\n<div class=\"art-layout-cell\" style=\"width: 67%;\">\n<p><a href=\"http:\/\/oosj-rgp.org\/?page_id=885\">Continue to Part IV &gt;&gt;&gt;<\/a><\/p>\n<\/div>\n<div class=\"art-layout-cell\" style=\"width: 33%;\">\n<p>&nbsp;<\/p>\n<\/div>\n<\/div>\n<\/div>\n<div class=\"art-content-layout\">\n<div class=\"art-content-layout-row\">\n<div class=\"art-layout-cell\" style=\"width: 67%;\">\n<p>&nbsp;<\/p>\n<\/div>\n<div class=\"art-layout-cell\" style=\"width: 33%;\">\n<p>&nbsp;<\/p>\n<\/div>\n<\/div>\n<\/div>\n","protected":false},"excerpt":{"rendered":"<p>Part III: 1800 &#8211; 1900 &nbsp; The Order entered the 19th century as a revitalized strong entity. Tragedy struck the newly reconstituted entity in 1801. The Emperor for political reasons was assassinated, and his son Alexander I became emperor. The new Emperor did not wish to become the Order\u2019s Grand Master but remained steadfast as [&hellip;]<\/p>\n","protected":false},"author":1,"featured_media":0,"parent":878,"menu_order":21,"comment_status":"closed","ping_status":"closed","template":"","meta":{"footnotes":""},"class_list":["post-884","page","type-page","status-publish","hentry"],"_links":{"self":[{"href":"https:\/\/oosj-rgp.org\/index.php?rest_route=\/wp\/v2\/pages\/884","targetHints":{"allow":["GET"]}}],"collection":[{"href":"https:\/\/oosj-rgp.org\/index.php?rest_route=\/wp\/v2\/pages"}],"about":[{"href":"https:\/\/oosj-rgp.org\/index.php?rest_route=\/wp\/v2\/types\/page"}],"author":[{"embeddable":true,"href":"https:\/\/oosj-rgp.org\/index.php?rest_route=\/wp\/v2\/users\/1"}],"replies":[{"embeddable":true,"href":"https:\/\/oosj-rgp.org\/index.php?rest_route=%2Fwp%2Fv2%2Fcomments&post=884"}],"version-history":[{"count":1,"href":"https:\/\/oosj-rgp.org\/index.php?rest_route=\/wp\/v2\/pages\/884\/revisions"}],"predecessor-version":[{"id":964,"href":"https:\/\/oosj-rgp.org\/index.php?rest_route=\/wp\/v2\/pages\/884\/revisions\/964"}],"up":[{"embeddable":true,"href":"https:\/\/oosj-rgp.org\/index.php?rest_route=\/wp\/v2\/pages\/878"}],"wp:attachment":[{"href":"https:\/\/oosj-rgp.org\/index.php?rest_route=%2Fwp%2Fv2%2Fmedia&parent=884"}],"curies":[{"name":"wp","href":"https:\/\/api.w.org\/{rel}","templated":true}]}}